{"id":1643,"date":"2023-06-13T15:30:49","date_gmt":"2023-06-13T13:30:49","guid":{"rendered":"https:\/\/SAFLORISTERIA.COM\/producto\/pick-corazon\/"},"modified":"2023-11-21T10:37:10","modified_gmt":"2023-11-21T08:37:10","slug":"pick-corazon","status":"publish","type":"product","link":"https:\/\/safloristeria.com\/es\/producto\/pick-corazon\/","title":{"rendered":"Pick coraz\u00f3n"},"content":{"rendered":"<p>Este pick coraz\u00f3n es un detalle perfecto para acompa\u00f1ar tu regalo y aportar un toque extra de amor y cari\u00f1o.<\/p>\n","protected":false},"excerpt":{"rendered":"<p>Este pick coraz\u00f3n es un detalle perfecto para acompa\u00f1ar tu regalo y aportar un toque extra de amor y cari\u00f1o.<\/p>\n","protected":false},"featured_media":1419,"comment_status":"open","ping_status":"closed","template":"","meta":{"_et_pb_use_builder":"","_et_pb_old_content":"","_et_gb_content_width":""},"product_cat":[161],"product_tag":[164,252,300,299,298],"class_list":{"0":"post-1643","1":"product","2":"type-product","3":"status-publish","4":"has-post-thumbnail","6":"product_cat-accesorios","7":"product_tag-accesorios","8":"product_tag-corazon","9":"product_tag-detalle","10":"product_tag-pick-es","11":"product_tag-pick-corazon","13":"first","14":"instock","15":"taxable","16":"shipping-taxable","17":"purchasable","18":"product-type-simple"},"aioseo_notices":[],"_links":{"self":[{"href":"https:\/\/safloristeria.com\/es\/wp-json\/wp\/v2\/product\/1643","targetHints":{"allow":["GET"]}}],"collection":[{"href":"https:\/\/safloristeria.com\/es\/wp-json\/wp\/v2\/product"}],"about":[{"href":"https:\/\/safloristeria.com\/es\/wp-json\/wp\/v2\/types\/product"}],"replies":[{"embeddable":true,"href":"https:\/\/safloristeria.com\/es\/wp-json\/wp\/v2\/comments?post=1643"}],"wp:featuredmedia":[{"embeddable":true,"href":"https:\/\/safloristeria.com\/es\/wp-json\/wp\/v2\/media\/1419"}],"wp:attachment":[{"href":"https:\/\/safloristeria.com\/es\/wp-json\/wp\/v2\/media?parent=1643"}],"wp:term":[{"taxonomy":"product_cat","embeddable":true,"href":"https:\/\/safloristeria.com\/es\/wp-json\/wp\/v2\/product_cat?post=1643"},{"taxonomy":"product_tag","embeddable":true,"href":"https:\/\/safloristeria.com\/es\/wp-json\/wp\/v2\/product_tag?post=1643"}],"curies":[{"name":"wp","href":"https:\/\/api.w.org\/{rel}","templated":true}]}}