{"id":1251,"date":"2023-06-09T10:18:07","date_gmt":"2023-06-09T08:18:07","guid":{"rendered":"https:\/\/SAFLORISTERIA.COM\/producto\/ramo-eleccion-del-florista-en-tonos-rosados\/"},"modified":"2026-03-11T10:18:45","modified_gmt":"2026-03-11T09:18:45","slug":"ramo-eleccio-del-florista-en-tonos-rosados","status":"publish","type":"product","link":"https:\/\/safloristeria.com\/es\/producto\/ramo-eleccio-del-florista-en-tonos-rosados\/","title":{"rendered":"Ramo elecci\u00f3n del florista en tonos rosados"},"content":{"rendered":"<p>Este ramo elecci\u00f3n del florista en tonos rosados es el resultado de una combinaci\u00f3n de diferentes variedades de flores de temporada en este color tan femenino<span style=\"font-weight: 400;\">.<\/span><\/p>\n","protected":false},"excerpt":{"rendered":"<p>Este ramo elecci\u00f3n del florista en tonos rosados es el resultado de una combinaci\u00f3n de diferentes variedades de flores de temporada en este color tan femenino.<\/p>\n","protected":false},"featured_media":1032,"comment_status":"open","ping_status":"closed","template":"","meta":{"_et_pb_use_builder":"","_et_pb_old_content":"","_et_gb_content_width":""},"product_cat":[184,443],"product_tag":[217,215,213,218,187,214,188,216],"class_list":{"0":"post-1251","1":"product","2":"type-product","3":"status-publish","4":"has-post-thumbnail","6":"product_cat-ramos","7":"product_cat-primavera-es","8":"product_tag-colores-femeninos","9":"product_tag-eleccion-de-la-florista","10":"product_tag-flor-de-temporada-es","11":"product_tag-flores-de-temporada","12":"product_tag-ramo","13":"product_tag-ramo-de-flors","14":"product_tag-ramos","15":"product_tag-tonos-rosados","17":"first","18":"instock","19":"taxable","20":"shipping-taxable","21":"purchasable","22":"product-type-variable"},"aioseo_notices":[],"_links":{"self":[{"href":"https:\/\/safloristeria.com\/es\/wp-json\/wp\/v2\/product\/1251","targetHints":{"allow":["GET"]}}],"collection":[{"href":"https:\/\/safloristeria.com\/es\/wp-json\/wp\/v2\/product"}],"about":[{"href":"https:\/\/safloristeria.com\/es\/wp-json\/wp\/v2\/types\/product"}],"replies":[{"embeddable":true,"href":"https:\/\/safloristeria.com\/es\/wp-json\/wp\/v2\/comments?post=1251"}],"wp:featuredmedia":[{"embeddable":true,"href":"https:\/\/safloristeria.com\/es\/wp-json\/wp\/v2\/media\/1032"}],"wp:attachment":[{"href":"https:\/\/safloristeria.com\/es\/wp-json\/wp\/v2\/media?parent=1251"}],"wp:term":[{"taxonomy":"product_cat","embeddable":true,"href":"https:\/\/safloristeria.com\/es\/wp-json\/wp\/v2\/product_cat?post=1251"},{"taxonomy":"product_tag","embeddable":true,"href":"https:\/\/safloristeria.com\/es\/wp-json\/wp\/v2\/product_tag?post=1251"}],"curies":[{"name":"wp","href":"https:\/\/api.w.org\/{rel}","templated":true}]}}