{"id":1241,"date":"2023-06-09T12:29:00","date_gmt":"2023-06-09T10:29:00","guid":{"rendered":"https:\/\/SAFLORISTERIA.COM\/producto\/corazon-floral-de-flor-fresca\/"},"modified":"2026-03-11T10:18:44","modified_gmt":"2026-03-11T09:18:44","slug":"corazon-floral-de-flor-fresca","status":"publish","type":"product","link":"https:\/\/safloristeria.com\/es\/producto\/corazon-floral-de-flor-fresca\/","title":{"rendered":"Coraz\u00f3n floral de flor fresca"},"content":{"rendered":"<p><span style=\"font-weight: 400;\">Arreglo en forma de coraz\u00f3n dise\u00f1ado con diferentes flores y personalizable en colores y medida. El coraz\u00f3n floral de flor fresca es id\u00f3neo para un detalle diferente al resto<\/span><\/p>\n","protected":false},"excerpt":{"rendered":"<p>Arreglo en forma de coraz\u00f3n dise\u00f1ado con diferentes flores y personalizable en colores y medida. El coraz\u00f3n floral de flor fresca es id\u00f3neo para un detalle diferente al resto<\/p>\n","protected":false},"featured_media":1170,"comment_status":"open","ping_status":"closed","template":"","meta":{"_et_pb_use_builder":"","_et_pb_old_content":"","_et_gb_content_width":""},"product_cat":[176,443,436],"product_tag":[202,201,203,204],"class_list":{"0":"post-1241","1":"product","2":"type-product","3":"status-publish","4":"has-post-thumbnail","6":"product_cat-centros-florales","7":"product_cat-primavera-es","8":"product_cat-san-valentin","9":"product_tag-corazon-floral","10":"product_tag-flor-fresca-es","11":"product_tag-flores-personalizadas","12":"product_tag-montaje-floral","14":"first","15":"instock","16":"taxable","17":"shipping-taxable","18":"purchasable","19":"product-type-variable"},"aioseo_notices":[],"_links":{"self":[{"href":"https:\/\/safloristeria.com\/es\/wp-json\/wp\/v2\/product\/1241","targetHints":{"allow":["GET"]}}],"collection":[{"href":"https:\/\/safloristeria.com\/es\/wp-json\/wp\/v2\/product"}],"about":[{"href":"https:\/\/safloristeria.com\/es\/wp-json\/wp\/v2\/types\/product"}],"replies":[{"embeddable":true,"href":"https:\/\/safloristeria.com\/es\/wp-json\/wp\/v2\/comments?post=1241"}],"wp:featuredmedia":[{"embeddable":true,"href":"https:\/\/safloristeria.com\/es\/wp-json\/wp\/v2\/media\/1170"}],"wp:attachment":[{"href":"https:\/\/safloristeria.com\/es\/wp-json\/wp\/v2\/media?parent=1241"}],"wp:term":[{"taxonomy":"product_cat","embeddable":true,"href":"https:\/\/safloristeria.com\/es\/wp-json\/wp\/v2\/product_cat?post=1241"},{"taxonomy":"product_tag","embeddable":true,"href":"https:\/\/safloristeria.com\/es\/wp-json\/wp\/v2\/product_tag?post=1241"}],"curies":[{"name":"wp","href":"https:\/\/api.w.org\/{rel}","templated":true}]}}