{"id":1232,"date":"2023-06-09T12:45:21","date_gmt":"2023-06-09T12:45:21","guid":{"rendered":"https:\/\/SAFLORISTERIA.COM\/producto\/ramo-de-larga-duracion\/"},"modified":"2023-06-16T07:23:03","modified_gmt":"2023-06-16T07:23:03","slug":"ramo-de-larga-duracion","status":"publish","type":"product","link":"https:\/\/safloristeria.com\/es\/producto\/ramo-de-larga-duracion\/","title":{"rendered":"Ramo de larga duraci\u00f3n"},"content":{"rendered":"<p>Opci\u00f3n floral dise\u00f1ada para tener una larga duraci\u00f3n. Elaborada con flor seca y preservada. Se preserva a lo largo del tiempo.<\/p>\n","protected":false},"excerpt":{"rendered":"<p>Opci\u00f3n floral dise\u00f1ada para tener una larga duraci\u00f3n. Elaborada con flor seca y preservada. Se preserva a lo largo del tiempo.<\/p>\n","protected":false},"featured_media":1184,"comment_status":"open","ping_status":"closed","template":"","meta":{"_et_pb_use_builder":"on","_et_pb_old_content":"","_et_gb_content_width":""},"product_cat":[185,177,184],"product_tag":[191,189,190,187,186,188],"class_list":{"0":"post-1232","1":"product","2":"type-product","3":"status-publish","4":"has-post-thumbnail","6":"product_cat-flor-seca-es","7":"product_cat-flores","8":"product_cat-ramos","9":"product_tag-flor-seca-es","10":"product_tag-flores","11":"product_tag-larga-duracion","12":"product_tag-ramo","13":"product_tag-ramo-larga-duracion","14":"product_tag-ramos","16":"first","17":"instock","18":"taxable","19":"shipping-taxable","20":"purchasable","21":"product-type-variable"},"aioseo_notices":[],"_links":{"self":[{"href":"https:\/\/safloristeria.com\/es\/wp-json\/wp\/v2\/product\/1232","targetHints":{"allow":["GET"]}}],"collection":[{"href":"https:\/\/safloristeria.com\/es\/wp-json\/wp\/v2\/product"}],"about":[{"href":"https:\/\/safloristeria.com\/es\/wp-json\/wp\/v2\/types\/product"}],"replies":[{"embeddable":true,"href":"https:\/\/safloristeria.com\/es\/wp-json\/wp\/v2\/comments?post=1232"}],"wp:featuredmedia":[{"embeddable":true,"href":"https:\/\/safloristeria.com\/es\/wp-json\/wp\/v2\/media\/1184"}],"wp:attachment":[{"href":"https:\/\/safloristeria.com\/es\/wp-json\/wp\/v2\/media?parent=1232"}],"wp:term":[{"taxonomy":"product_cat","embeddable":true,"href":"https:\/\/safloristeria.com\/es\/wp-json\/wp\/v2\/product_cat?post=1232"},{"taxonomy":"product_tag","embeddable":true,"href":"https:\/\/safloristeria.com\/es\/wp-json\/wp\/v2\/product_tag?post=1232"}],"curies":[{"name":"wp","href":"https:\/\/api.w.org\/{rel}","templated":true}]}}