{"id":1205,"date":"2023-04-17T07:22:58","date_gmt":"2023-04-17T05:22:58","guid":{"rendered":"https:\/\/SAFLORISTERIA.COM\/inicio\/"},"modified":"2026-03-11T10:21:44","modified_gmt":"2026-03-11T09:21:44","slug":"inicio","status":"publish","type":"page","link":"https:\/\/safloristeria.com\/es\/","title":{"rendered":"Inicio"},"content":{"rendered":"<p>[et_pb_section fb_built=\u00bb1&#8243; fullwidth=\u00bbon\u00bb _builder_version=\u00bb4.24.0&#8243; _module_preset=\u00bbdefault\u00bb module_alignment=\u00bbcenter\u00bb height=\u00bb905px\u00bb global_colors_info=\u00bb{}\u00bb][et_pb_fullwidth_slider _builder_version=\u00bb4.24.0&#8243; _module_preset=\u00bbdefault\u00bb content_width=\u00bb100%\u00bb height=\u00bb905px\u00bb custom_margin=\u00bb||-3px|||\u00bb custom_padding=\u00bb0px||0px||true|\u00bb global_colors_info=\u00bb{}\u00bb][et_pb_slide image=\u00bbhttps:\/\/SAFLORISTERIA.COM\/wp-content\/uploads\/2023\/05\/Diseno-sin-titulo-20.png\u00bb use_bg_overlay=\u00bbon\u00bb bg_overlay_color=\u00bbrgba(0,0,0,0.14)\u00bb _builder_version=\u00bb4.24.0&#8243; _module_preset=\u00bbdefault\u00bb background_image=\u00bbhttps:\/\/SAFLORISTERIA.COM\/wp-content\/uploads\/2023\/05\/inici-sa-floristeria-santanyi.png\u00bb background_enable_image=\u00bbon\u00bb text_shadow_style=\u00bbpreset2&#8243; text_shadow_color=\u00bb#2A253B\u00bb global_colors_info=\u00bb{}\u00bb sticky_transition=\u00bbon\u00bb][\/et_pb_slide][et_pb_slide heading=\u00bbEl ramo de la semana\u00bb button_text=\u00bbDesc\u00fabrelo\u00bb button_link=\u00bbhttps:\/\/safloristeria.com\/es\/producto\/ramo-verano\/\u00bb url_new_window=\u00bbon\u00bb _builder_version=\u00bb4.23.1&#8243; _module_preset=\u00bbdefault\u00bb background_image=\u00bbhttps:\/\/SAFLORISTERIA.COM\/wp-content\/uploads\/2023\/05\/sa-floristeria-ram.png\u00bb background_enable_image=\u00bbon\u00bb custom_button=\u00bbon\u00bb button_text_color=\u00bb#FFFFFF\u00bb button_bg_color=\u00bbRGBA(255,255,255,0)\u00bb button_border_width=\u00bb-1px\u00bb button_border_color=\u00bbRGBA(255,255,255,0)\u00bb button_use_icon=\u00bbon\u00bb button_icon=\u00bb&#x24;||divi||400&#8243; button_icon_color=\u00bb#FFFFFF\u00bb button_on_hover=\u00bbon\u00bb button_alignment=\u00bbcenter\u00bb global_colors_info=\u00bb{}\u00bb sticky_transition=\u00bbon\u00bb][\/et_pb_slide][\/et_pb_fullwidth_slider][\/et_pb_section][et_pb_section fb_built=\u00bb1&#8243; _builder_version=\u00bb4.20.4&#8243; _module_preset=\u00bbdefault\u00bb background_color=\u00bb#8ab19e\u00bb custom_padding=\u00bb1px||0px|||\u00bb global_colors_info=\u00bb{}\u00bb][et_pb_row _builder_version=\u00bb4.20.4&#8243; _module_preset=\u00bbdefault\u00bb global_colors_info=\u00bb{}\u00bb][et_pb_column type=\u00bb4_4&#8243; _builder_version=\u00bb4.20.4&#8243; _module_preset=\u00bbdefault\u00bb global_colors_info=\u00bb{}\u00bb][et_pb_text _builder_version=\u00bb4.20.4&#8243; _module_preset=\u00bbdefault\u00bb header_3_font=\u00bb|300|on||||||\u00bb header_3_text_align=\u00bbcenter\u00bb header_3_text_color=\u00bb#FFFFFF\u00bb min_height=\u00bb42px\u00bb custom_padding=\u00bb0px|||||\u00bb global_colors_info=\u00bb{}\u00bb]<\/p>\n<div class=\"et-pb-draggable-spacing et-pb-draggable-spacing__sizing et-pb-draggable-spacing__height et-pb-draggable-spacing__bottom et-pb-draggable-spacing--animated\"><\/div>\n<div class=\"et-pb-draggable-spacing__bottom et-pb-draggable-spacing__tooltip\"><\/div>\n<div class=\"et-pb-draggable-spacing et-pb-draggable-spacing__sizing et-pb-draggable-spacing__width et-pb-draggable-spacing__left et-pb-draggable-spacing--animated\"><\/div>\n<div class=\"et-pb-draggable-spacing__left et-pb-draggable-spacing__tooltip\"><\/div>\n<div class=\"et-pb-draggable-spacing et-pb-draggable-spacing__sizing et-pb-draggable-spacing__width et-pb-draggable-spacing__right et-pb-draggable-spacing--animated\"><\/div>\n<div class=\"et-pb-draggable-spacing__right et-pb-draggable-spacing__tooltip\"><\/div>\n<div class=\"et-pb-draggable-spacing et-pb-draggable-spacing__spacing et-pb-draggable-spacing__top et-pb-draggable-spacing__padding et-pb-draggable-spacing--animated et-pb-draggable-spacing--hovered-pair\">\n<div class=\"et-pb-draggable-spacing__hint\"><\/div>\n<\/div>\n<div class=\"et-pb-draggable-spacing et-pb-draggable-spacing--active et-pb-draggable-spacing__spacing et-pb-draggable-spacing__bottom et-pb-draggable-spacing__padding et-pb-draggable-spacing--animated et-pb-draggable-spacing--hovered\"><\/div>\n<h3>\u2014 Pasi\u00f3n por las flores desde 1999 \u2014<\/h3>\n<p>[\/et_pb_text][\/et_pb_column][\/et_pb_row][\/et_pb_section][et_pb_section fb_built=\u00bb1&#8243; _builder_version=\u00bb4.20.4&#8243; _module_preset=\u00bbdefault\u00bb custom_margin=\u00bb-15px|||||\u00bb custom_padding=\u00bb||14px|||\u00bb global_colors_info=\u00bb{}\u00bb][et_pb_row _builder_version=\u00bb4.24.0&#8243; _module_preset=\u00bbdefault\u00bb custom_padding=\u00bb||2px|||\u00bb global_colors_info=\u00bb{}\u00bb][et_pb_column type=\u00bb4_4&#8243; _builder_version=\u00bb4.20.4&#8243; _module_preset=\u00bbdefault\u00bb global_colors_info=\u00bb{}\u00bb][et_pb_text _builder_version=\u00bb4.23.1&#8243; _module_preset=\u00bbdefault\u00bb text_orientation=\u00bbcenter\u00bb global_colors_info=\u00bb{}\u00bb]<\/p>\n<h1>Sa Floristeria<\/h1>\n<h2>Nuestros ramos, flores y centros florales<\/h2>\n<p>[\/et_pb_text][et_pb_shop type=\u00bbproduct_category\u00bb posts_number=\u00bb3&#8243; include_categories=\u00bb443&#8243; columns_number=\u00bb3&#8243; orderby=\u00bbpopularity\u00bb _builder_version=\u00bb4.24.0&#8243; _module_preset=\u00bbdefault\u00bb custom_margin=\u00bb||-8px|||\u00bb custom_padding=\u00bb||0px|||\u00bb hover_enabled=\u00bb0&#8243; global_colors_info=\u00bb{}\u00bb sticky_enabled=\u00bb0&#8243;][\/et_pb_shop][et_pb_button button_url=\u00bbhttps:\/\/safloristeria.com\/es\/tienda\/\u00bb url_new_window=\u00bbon\u00bb button_text=\u00bbVer m\u00e1s\u00bb button_alignment=\u00bbcenter\u00bb _builder_version=\u00bb4.20.4&#8243; _module_preset=\u00bbdefault\u00bb custom_button=\u00bbon\u00bb button_text_color=\u00bb#FFFFFF\u00bb button_bg_color=\u00bb#789F90&#8243; button_border_width=\u00bb0px\u00bb button_icon=\u00bb&#xf5bb;||fa||900&#8243; global_colors_info=\u00bb{}\u00bb][\/et_pb_button][et_pb_image src=\u00bbhttps:\/\/SAFLORISTERIA.COM\/wp-content\/uploads\/2023\/05\/iconos-floristeria-2.png\u00bb title_text=\u00bbsa-floristeria-icono\u00bb align=\u00bbcenter\u00bb _builder_version=\u00bb4.20.4&#8243; _module_preset=\u00bbdefault\u00bb global_colors_info=\u00bb{}\u00bb][\/et_pb_image][\/et_pb_column][\/et_pb_row][\/et_pb_section][et_pb_section fb_built=\u00bb1&#8243; _builder_version=\u00bb4.20.4&#8243; _module_preset=\u00bbdefault\u00bb background_color=\u00bbrgba(120,159,144,0.16)\u00bb custom_padding=\u00bb||5px|||\u00bb global_colors_info=\u00bb{}\u00bb][et_pb_row column_structure=\u00bb1_3,1_3,1_3&#8243; _builder_version=\u00bb4.20.4&#8243; _module_preset=\u00bbdefault\u00bb custom_margin=\u00bb-41px|auto||auto||\u00bb global_colors_info=\u00bb{}\u00bb][et_pb_column type=\u00bb1_3&#8243; _builder_version=\u00bb4.20.4&#8243; _module_preset=\u00bbdefault\u00bb global_colors_info=\u00bb{}\u00bb][et_pb_text _builder_version=\u00bb4.20.4&#8243; _module_preset=\u00bbdefault\u00bb text_orientation=\u00bbcenter\u00bb custom_margin=\u00bb||4px|||\u00bb link_option_url=\u00bbhttps:\/\/safloristeria.com\/es\/bodas\/\u00bb link_option_url_new_window=\u00bbon\u00bb global_colors_info=\u00bb{}\u00bb]<\/p>\n<h2>Bodas<\/h2>\n<p>[\/et_pb_text][et_pb_image src=\u00bbhttps:\/\/SAFLORISTERIA.COM\/wp-content\/uploads\/2023\/05\/ram-boda-sa-floristeria.png\u00bb alt=\u00bbramo-boda-sa-floristeria\u00bb title_text=\u00bbramo-boda-sa-floristeria\u00bb url=\u00bbhttps:\/\/safloristeria.com\/es\/bodas\/\u00bb url_new_window=\u00bbon\u00bb align=\u00bbcenter\u00bb _builder_version=\u00bb4.20.4&#8243; _module_preset=\u00bbdefault\u00bb module_alignment=\u00bbcenter\u00bb global_colors_info=\u00bb{}\u00bb][\/et_pb_image][\/et_pb_column][et_pb_column type=\u00bb1_3&#8243; _builder_version=\u00bb4.20.4&#8243; _module_preset=\u00bbdefault\u00bb global_colors_info=\u00bb{}\u00bb][et_pb_text _builder_version=\u00bb4.20.4&#8243; _module_preset=\u00bbdefault\u00bb text_orientation=\u00bbcenter\u00bb custom_margin=\u00bb||9px|||\u00bb link_option_url=\u00bbhttps:\/\/safloristeria.com\/es\/hoteles-y-eventos\/\u00bb link_option_url_new_window=\u00bbon\u00bb global_colors_info=\u00bb{}\u00bb]<\/p>\n<h2>Hoteles y Eventos<\/h2>\n<p>[\/et_pb_text][et_pb_image src=\u00bbhttps:\/\/SAFLORISTERIA.COM\/wp-content\/uploads\/2024\/02\/67a-scaled.jpg\u00bb alt=\u00bbsa-floristeria-decoracion-flores\u00bb title_text=\u00bb67a\u00bb url=\u00bbhttps:\/\/safloristeria.com\/es\/hoteles-y-eventos\/\u00bb url_new_window=\u00bbon\u00bb align=\u00bbcenter\u00bb _builder_version=\u00bb4.24.0&#8243; _module_preset=\u00bbdefault\u00bb module_alignment=\u00bbcenter\u00bb custom_margin=\u00bb-26px|||||\u00bb custom_padding=\u00bb23px|||||\u00bb global_colors_info=\u00bb{}\u00bb][\/et_pb_image][\/et_pb_column][et_pb_column type=\u00bb1_3&#8243; _builder_version=\u00bb4.20.4&#8243; _module_preset=\u00bbdefault\u00bb global_colors_info=\u00bb{}\u00bb][et_pb_text _builder_version=\u00bb4.20.4&#8243; _module_preset=\u00bbdefault\u00bb link_option_url=\u00bbhttps:\/\/safloristeria.com\/es\/despedidas\/\u00bb link_option_url_new_window=\u00bbon\u00bb global_colors_info=\u00bb{}\u00bb]<\/p>\n<h2 style=\"text-align: center;\">Despedidas<\/h2>\n<p>[\/et_pb_text][et_pb_image src=\u00bbhttps:\/\/SAFLORISTERIA.COM\/wp-content\/uploads\/2023\/04\/sa-floristeria-flors-funeral.png\u00bb alt=\u00bbflores-bodes-santanyi-home\u00bb title_text=\u00bbsa-floristeria-flores-funerales\u00bb url=\u00bbhttps:\/\/safloristeria.com\/es\/despedidas\/\u00bb url_new_window=\u00bbon\u00bb align=\u00bbcenter\u00bb _builder_version=\u00bb4.20.4&#8243; _module_preset=\u00bbdefault\u00bb module_alignment=\u00bbcenter\u00bb custom_margin=\u00bb-20px|||||\u00bb custom_padding=\u00bb0px|||||\u00bb global_colors_info=\u00bb{}\u00bb][\/et_pb_image][\/et_pb_column][\/et_pb_row][\/et_pb_section][et_pb_section fb_built=\u00bb1&#8243; _builder_version=\u00bb4.20.4&#8243; _module_preset=\u00bbdefault\u00bb custom_padding=\u00bb0px||0px||true|\u00bb global_colors_info=\u00bb{}\u00bb][et_pb_row _builder_version=\u00bb4.20.4&#8243; _module_preset=\u00bbdefault\u00bb global_colors_info=\u00bb{}\u00bb][et_pb_column type=\u00bb4_4&#8243; _builder_version=\u00bb4.20.4&#8243; _module_preset=\u00bbdefault\u00bb global_colors_info=\u00bb{}\u00bb][et_pb_image src=\u00bbhttps:\/\/SAFLORISTERIA.COM\/wp-content\/uploads\/2023\/05\/iconos-floristeria-2.png\u00bb title_text=\u00bbsa-floristeria-icono\u00bb align=\u00bbcenter\u00bb _builder_version=\u00bb4.20.4&#8243; _module_preset=\u00bbdefault\u00bb min_height=\u00bb53px\u00bb custom_margin=\u00bb-25px|||||\u00bb custom_padding=\u00bb11px|||||\u00bb global_colors_info=\u00bb{}\u00bb][\/et_pb_image][\/et_pb_column][\/et_pb_row][et_pb_row column_structure=\u00bb2_5,3_5&#8243; _builder_version=\u00bb4.20.4&#8243; _module_preset=\u00bbdefault\u00bb custom_padding=\u00bb||1px|||\u00bb global_colors_info=\u00bb{}\u00bb][et_pb_column type=\u00bb2_5&#8243; _builder_version=\u00bb4.20.4&#8243; _module_preset=\u00bbdefault\u00bb global_colors_info=\u00bb{}\u00bb][et_pb_image src=\u00bbhttps:\/\/SAFLORISTERIA.COM\/wp-content\/uploads\/2023\/05\/sa-floristeria-botiga-santanyi.jpg\u00bb title_text=\u00bbsa-floristeria-tienda-santanyi\u00bb url=\u00bbhttps:\/\/safloristeria.com\/es\/nosotras\/\u00bb url_new_window=\u00bbon\u00bb _builder_version=\u00bb4.23.1&#8243; _module_preset=\u00bbdefault\u00bb global_colors_info=\u00bb{}\u00bb][\/et_pb_image][\/et_pb_column][et_pb_column type=\u00bb3_5&#8243; _builder_version=\u00bb4.20.4&#8243; _module_preset=\u00bbdefault\u00bb global_colors_info=\u00bb{}\u00bb][et_pb_text _builder_version=\u00bb4.20.4&#8243; _module_preset=\u00bbdefault\u00bb text_font_size=\u00bb15px\u00bb header_2_text_color=\u00bb#789F90&#8243; global_colors_info=\u00bb{}\u00bb]<\/p>\n<h2><em>Sobre Sa Floristeria de Santany\u00ed<\/em><\/h2>\n<p><strong><\/strong><\/p>\n<p>Sa Floristeria de Santany\u00ed naci\u00f3 el 1999 de la mano de la florista Anna Ramis. Ella se form\u00f3 en la Escuela Catalana de Arte Floral de Catalu\u00f1a y despu\u00e9s de haber realizado varios periodos de pr\u00e1cticas tanto en la pen\u00ednsula como Europa, abri\u00f3 las puertas de la florister\u00eda en el pueblo de Santany\u00ed.<\/p>\n<p>Desde sus inicios y durante muchos a\u00f1os tuvo tambi\u00e9n una parada en los mercados semanales los mi\u00e9rcoles y s\u00e1bados.<\/p>\n<p>Actualmente, el equipo de Sa Floristeria lo forman mujeres apasionadas por las flores que siguen form\u00e1ndose d\u00eda a d\u00eda para estar al corriente de las nuevas tendencias florales. Actualmente, el volumen de trabajo de Sa Florister\u00eda nos ha impulsado a centrar el trabajo floral en la tienda f\u00edsica de la calle Portell 3 de Santany\u00ed, y ahora tambi\u00e9n en esta tienda online.<\/p>\n<p>[\/et_pb_text][et_pb_button button_url=\u00bbhttps:\/\/safloristeria.com\/es\/tienda\/\u00bb url_new_window=\u00bbon\u00bb button_text=\u00bbVisita la tienda\u00bb button_alignment=\u00bbcenter\u00bb _builder_version=\u00bb4.23.1&#8243; _module_preset=\u00bbdefault\u00bb custom_button=\u00bbon\u00bb button_text_color=\u00bb#FFFFFF\u00bb button_bg_color=\u00bb#789F90&#8243; button_border_width=\u00bb0px\u00bb button_icon=\u00bb&#xf5bb;||fa||900&#8243; global_colors_info=\u00bb{}\u00bb][\/et_pb_button][\/et_pb_column][\/et_pb_row][et_pb_row _builder_version=\u00bb4.20.4&#8243; _module_preset=\u00bbdefault\u00bb global_colors_info=\u00bb{}\u00bb][et_pb_column type=\u00bb4_4&#8243; _builder_version=\u00bb4.20.4&#8243; _module_preset=\u00bbdefault\u00bb global_colors_info=\u00bb{}\u00bb][et_pb_image src=\u00bbhttps:\/\/SAFLORISTERIA.COM\/wp-content\/uploads\/2023\/05\/iconos-floristeria-2.png\u00bb title_text=\u00bbsa-floristeria-icono\u00bb align=\u00bbcenter\u00bb _builder_version=\u00bb4.20.4&#8243; _module_preset=\u00bbdefault\u00bb global_colors_info=\u00bb{}\u00bb][\/et_pb_image][\/et_pb_column][\/et_pb_row][\/et_pb_section]<\/p>\n","protected":false},"excerpt":{"rendered":"<p>\u2014 Pasi\u00f3n por las flores desde 1999 \u2014Sa Floristeria Nuestros ramos, flores y centros floralesBodasHoteles y EventosDespedidasSobre Sa Floristeria de Santany\u00ed Sa Floristeria de Santany\u00ed naci\u00f3 el 1999 de la mano de la florista Anna Ramis. Ella se form\u00f3 en la Escuela Catalana de Arte Floral de Catalu\u00f1a y despu\u00e9s de haber realizado varios periodos [&hellip;]<\/p>\n","protected":false},"author":1,"featured_media":802,"parent":0,"menu_order":0,"comment_status":"closed","ping_status":"closed","template":"","meta":{"_et_pb_use_builder":"on","_et_pb_old_content":"","_et_gb_content_width":"","footnotes":""},"class_list":["post-1205","page","type-page","status-publish","has-post-thumbnail","hentry"],"aioseo_notices":[],"_links":{"self":[{"href":"https:\/\/safloristeria.com\/es\/wp-json\/wp\/v2\/pages\/1205","targetHints":{"allow":["GET"]}}],"collection":[{"href":"https:\/\/safloristeria.com\/es\/wp-json\/wp\/v2\/pages"}],"about":[{"href":"https:\/\/safloristeria.com\/es\/wp-json\/wp\/v2\/types\/page"}],"author":[{"embeddable":true,"href":"https:\/\/safloristeria.com\/es\/wp-json\/wp\/v2\/users\/1"}],"replies":[{"embeddable":true,"href":"https:\/\/safloristeria.com\/es\/wp-json\/wp\/v2\/comments?post=1205"}],"version-history":[{"count":26,"href":"https:\/\/safloristeria.com\/es\/wp-json\/wp\/v2\/pages\/1205\/revisions"}],"predecessor-version":[{"id":2213,"href":"https:\/\/safloristeria.com\/es\/wp-json\/wp\/v2\/pages\/1205\/revisions\/2213"}],"wp:featuredmedia":[{"embeddable":true,"href":"https:\/\/safloristeria.com\/es\/wp-json\/wp\/v2\/media\/802"}],"wp:attachment":[{"href":"https:\/\/safloristeria.com\/es\/wp-json\/wp\/v2\/media?parent=1205"}],"curies":[{"name":"wp","href":"https:\/\/api.w.org\/{rel}","templated":true}]}}